{"id":6738,"date":"2023-06-01T13:21:22","date_gmt":"2023-06-01T13:21:22","guid":{"rendered":"https:\/\/staging.marleneshairstylecentre.nl\/?page_id=6738"},"modified":"2026-03-22T15:51:11","modified_gmt":"2026-03-22T15:51:11","slug":"acties","status":"publish","type":"page","link":"https:\/\/www.marleneshairstylecentre.nl\/index.php\/acties\/","title":{"rendered":"Acties"},"content":{"rendered":"<p>[et_pb_section fb_built=&#8221;1&#8243; admin_label=&#8221;Header&#8221; _builder_version=&#8221;4.16&#8243; _module_preset=&#8221;default&#8221; background_color=&#8221;#141414&#8243; background_image=&#8221;https:\/\/www.marleneshairstylecentre.nl\/wp-content\/uploads\/2023\/06\/event-space-44.png&#8221; background_size=&#8221;initial&#8221; background_position=&#8221;top_right&#8221; custom_padding=&#8221;||0px||false|false&#8221; global_colors_info=&#8221;{%22gcid-3f47e762-ddb9-4bcc-9a88-eb1cda6175db%22:%91%93}&#8221;][et_pb_row _builder_version=&#8221;4.16&#8243; _module_preset=&#8221;default&#8221; custom_padding=&#8221;||0px||false|false&#8221; global_colors_info=&#8221;{}&#8221;][et_pb_column type=&#8221;4_4&#8243; _builder_version=&#8221;4.16&#8243; _module_preset=&#8221;default&#8221; global_colors_info=&#8221;{}&#8221;][et_pb_text _builder_version=&#8221;4.27.4&#8243; _module_preset=&#8221;d31e2bc2-7099-47ba-9c37-1cdc94e70270&#8243; header_font=&#8221;Prata||||||||&#8221; header_font_size=&#8221;90px&#8221; header_line_height=&#8221;1.1em&#8221; position_origin_a=&#8221;center_left&#8221; horizontal_offset_tablet=&#8221;0px&#8221; horizontal_offset_phone=&#8221;&#8221; horizontal_offset_last_edited=&#8221;on|phone&#8221; position_origin_a_tablet=&#8221;bottom_left&#8221; position_origin_a_phone=&#8221;&#8221; position_origin_a_last_edited=&#8221;on|desktop&#8221; position_origin_f_tablet=&#8221;&#8221; position_origin_f_phone=&#8221;&#8221; position_origin_f_last_edited=&#8221;on|desktop&#8221; position_origin_r_tablet=&#8221;&#8221; position_origin_r_phone=&#8221;&#8221; position_origin_r_last_edited=&#8221;on|desktop&#8221; background_layout=&#8221;dark&#8221; header_font_size_tablet=&#8221;64px&#8221; header_font_size_phone=&#8221;30px&#8221; header_font_size_last_edited=&#8221;on|phone&#8221; header_line_height_tablet=&#8221;1.2em&#8221; header_line_height_phone=&#8221;1.3em&#8221; header_line_height_last_edited=&#8221;on|desktop&#8221; positioning_tablet=&#8221;&#8221; positioning_phone=&#8221;&#8221; positioning_last_edited=&#8221;on|desktop&#8221; locked=&#8221;off&#8221; global_colors_info=&#8221;{}&#8221;]<\/p>\n<h1>Acties<\/h1>\n<p>[\/et_pb_text][et_pb_image src=&#8221;https:\/\/www.marleneshairstylecentre.nl\/wp-content\/uploads\/2026\/03\/reiskoffer-goldwell-2026-Bewerkt.jpg&#8221; alt=&#8221;bruidsmake-up van Golden Rose&#8221; title_text=&#8221;reiskoffer goldwell 2026 &#8211; Bewerkt&#8221; _builder_version=&#8221;4.27.4&#8243; _module_preset=&#8221;default&#8221; width=&#8221;72%&#8221; custom_margin=&#8221;||-10vw||false|false&#8221; hover_enabled=&#8221;0&#8243; global_colors_info=&#8221;{}&#8221; sticky_enabled=&#8221;0&#8243;][\/et_pb_image][\/et_pb_column][\/et_pb_row][\/et_pb_section][et_pb_section fb_built=&#8221;1&#8243; custom_padding_last_edited=&#8221;off|desktop&#8221; admin_label=&#8221;About&#8221; _builder_version=&#8221;4.16&#8243; _module_preset=&#8221;default&#8221; background_color=&#8221;#fff4ef&#8221; custom_padding=&#8221;14vw||||false|false&#8221; custom_padding_tablet=&#8221;180px||||false|false&#8221; custom_padding_phone=&#8221;150px||||false|false&#8221; global_colors_info=&#8221;{%22gcid-abdd1dfe-115d-40b5-9c1d-c1c9635de504%22:%91%93}&#8221;][et_pb_row custom_padding_last_edited=&#8221;on|tablet&#8221; _builder_version=&#8221;4.16&#8243; _module_preset=&#8221;default&#8221; custom_margin=&#8221;||||false|false&#8221; custom_padding=&#8221;|||25%|false|false&#8221; custom_padding_tablet=&#8221;|||0%|false|false&#8221; custom_padding_phone=&#8221;&#8221; global_colors_info=&#8221;{}&#8221;][et_pb_column type=&#8221;4_4&#8243; _builder_version=&#8221;4.16&#8243; _module_preset=&#8221;default&#8221; global_colors_info=&#8221;{}&#8221;][et_pb_text _builder_version=&#8221;4.27.4&#8243; _module_preset=&#8221;90865f4d-2cce-42a7-b40e-d3fbad25605a&#8221; header_font=&#8221;|700|||||||&#8221; header_2_font=&#8221;Prata|700|||||||&#8221; header_2_text_align=&#8221;left&#8221; header_2_text_color=&#8221;#141414&#8243; header_2_font_size=&#8221;32px&#8221; header_2_line_height=&#8221;1.2em&#8221; text_orientation=&#8221;right&#8221; custom_margin=&#8221;||0px||false|false&#8221; hover_enabled=&#8221;0&#8243; header_2_font_size_tablet=&#8221;32px&#8221; header_2_font_size_phone=&#8221;20px&#8221; header_2_font_size_last_edited=&#8221;on|tablet&#8221; header_2_line_height_tablet=&#8221;1.3em&#8221; header_2_line_height_phone=&#8221;1.4em&#8221; header_2_line_height_last_edited=&#8221;on|phone&#8221; locked=&#8221;off&#8221; global_colors_info=&#8221;{%22gcid-3f47e762-ddb9-4bcc-9a88-eb1cda6175db%22:%91%93}&#8221; sticky_enabled=&#8221;0&#8243;]<\/p>\n<h2><span>Maak nu kans op deze handbagage koffer!<\/span><\/h2>\n<p>[\/et_pb_text][et_pb_image src=&#8221;https:\/\/www.marleneshairstylecentre.nl\/wp-content\/uploads\/2023\/02\/event-space-03.png&#8221; title_text=&#8221;event-space-03&#8243; _builder_version=&#8221;4.21.0&#8243; _module_preset=&#8221;default&#8221; custom_margin=&#8221;||50px||false|false&#8221; locked=&#8221;off&#8221; global_colors_info=&#8221;{}&#8221;][\/et_pb_image][et_pb_text _builder_version=&#8221;4.27.4&#8243; _module_preset=&#8221;da86b6f0-f83c-4c7c-bdd8-3019777ddffe&#8221; text_font=&#8221;Lato||||||||&#8221; text_text_color=&#8221;#141414&#8243; text_font_size=&#8221;16px&#8221; text_line_height=&#8221;1.8em&#8221; hover_enabled=&#8221;0&#8243; text_font_size_tablet=&#8221;15px&#8221; text_font_size_phone=&#8221;14px&#8221; text_font_size_last_edited=&#8221;on|desktop&#8221; global_colors_info=&#8221;{}&#8221; sticky_enabled=&#8221;0&#8243;]<\/p>\n<div class=\"\"><strong>Je maakt kans op deze koffer twv \u20ac139,95 als je 1 product koopt.<\/strong><\/div>\n<div class=\"\"><strong>Deze actie loopt tot 24 mei 2026.<\/strong><\/div>\n<div class=\"\"><strong><\/strong><\/div>\n<div class=\"\"><strong>Wij zullen dan gaan loten wie deze koffer krijgt.<\/strong><\/div>\n<div class=\"\"><\/div>\n<div class=\"\"><\/div>\n<p>[\/et_pb_text][\/et_pb_column][\/et_pb_row][\/et_pb_section]<\/p>\n","protected":false},"excerpt":{"rendered":"<p>ActiesMaak nu kans op deze handbagage koffer!Je maakt kans op deze koffer twv \u20ac139,95 als je 1 product koopt. Deze actie loopt tot 24 mei 2026. Wij zullen dan gaan loten wie deze koffer krijgt.<\/p>\n","protected":false},"author":1,"featured_media":0,"parent":0,"menu_order":0,"comment_status":"closed","ping_status":"closed","template":"","meta":{"_et_pb_use_builder":"on","_et_pb_old_content":"","_et_gb_content_width":"","om_disable_all_campaigns":false,"_monsterinsights_skip_tracking":false,"_monsterinsights_sitenote_active":false,"_monsterinsights_sitenote_note":"","_monsterinsights_sitenote_category":0,"footnotes":""},"class_list":["post-6738","page","type-page","status-publish","hentry"],"yoast_head":"<!-- This site is optimized with the Yoast SEO plugin v27.3 - https:\/\/yoast.com\/product\/yoast-seo-wordpress\/ -->\n<title>Acties - Marl\u00e8ne&#039;s Hair Style Centre<\/title>\n<meta name=\"description\" content=\"Product van de maand. Profiteer elke maand van korting op \u00e9\u00e9n van onze topproducten voor je haar, kapsel of hoofdhuid.\" \/>\n<meta name=\"robots\" content=\"index, follow, max-snippet:-1, max-image-preview:large, max-video-preview:-1\" \/>\n<link rel=\"canonical\" href=\"https:\/\/www.marleneshairstylecentre.nl\/index.php\/acties\/\" \/>\n<meta property=\"og:locale\" content=\"nl_NL\" \/>\n<meta property=\"og:type\" content=\"article\" \/>\n<meta property=\"og:title\" content=\"Acties - Marl\u00e8ne&#039;s Hair Style Centre\" \/>\n<meta property=\"og:description\" content=\"Product van de maand. Profiteer elke maand van korting op \u00e9\u00e9n van onze topproducten voor je haar, kapsel of hoofdhuid.\" \/>\n<meta property=\"og:url\" content=\"https:\/\/www.marleneshairstylecentre.nl\/index.php\/acties\/\" \/>\n<meta property=\"og:site_name\" content=\"Marl\u00e8ne&#039;s Hair Style Centre\" \/>\n<meta property=\"article:modified_time\" content=\"2026-03-22T15:51:11+00:00\" \/>\n<meta name=\"twitter:card\" content=\"summary_large_image\" \/>\n<meta name=\"twitter:label1\" content=\"Geschatte leestijd\" \/>\n\t<meta name=\"twitter:data1\" content=\"1 minuut\" \/>\n<script type=\"application\/ld+json\" class=\"yoast-schema-graph\">{\"@context\":\"https:\\\/\\\/schema.org\",\"@graph\":[{\"@type\":\"WebPage\",\"@id\":\"https:\\\/\\\/www.marleneshairstylecentre.nl\\\/index.php\\\/acties\\\/\",\"url\":\"https:\\\/\\\/www.marleneshairstylecentre.nl\\\/index.php\\\/acties\\\/\",\"name\":\"Acties - Marl\u00e8ne&#039;s Hair Style Centre\",\"isPartOf\":{\"@id\":\"https:\\\/\\\/www.marleneshairstylecentre.nl\\\/#website\"},\"datePublished\":\"2023-06-01T13:21:22+00:00\",\"dateModified\":\"2026-03-22T15:51:11+00:00\",\"description\":\"Product van de maand. Profiteer elke maand van korting op \u00e9\u00e9n van onze topproducten voor je haar, kapsel of hoofdhuid.\",\"breadcrumb\":{\"@id\":\"https:\\\/\\\/www.marleneshairstylecentre.nl\\\/index.php\\\/acties\\\/#breadcrumb\"},\"inLanguage\":\"nl-NL\",\"potentialAction\":[{\"@type\":\"ReadAction\",\"target\":[\"https:\\\/\\\/www.marleneshairstylecentre.nl\\\/index.php\\\/acties\\\/\"]}]},{\"@type\":\"BreadcrumbList\",\"@id\":\"https:\\\/\\\/www.marleneshairstylecentre.nl\\\/index.php\\\/acties\\\/#breadcrumb\",\"itemListElement\":[{\"@type\":\"ListItem\",\"position\":1,\"name\":\"Home\",\"item\":\"https:\\\/\\\/www.marleneshairstylecentre.nl\\\/\"},{\"@type\":\"ListItem\",\"position\":2,\"name\":\"Acties\"}]},{\"@type\":\"WebSite\",\"@id\":\"https:\\\/\\\/www.marleneshairstylecentre.nl\\\/#website\",\"url\":\"https:\\\/\\\/www.marleneshairstylecentre.nl\\\/\",\"name\":\"Marl\u00e8ne&#039;s Hair Style Centre\",\"description\":\"\",\"potentialAction\":[{\"@type\":\"SearchAction\",\"target\":{\"@type\":\"EntryPoint\",\"urlTemplate\":\"https:\\\/\\\/www.marleneshairstylecentre.nl\\\/?s={search_term_string}\"},\"query-input\":{\"@type\":\"PropertyValueSpecification\",\"valueRequired\":true,\"valueName\":\"search_term_string\"}}],\"inLanguage\":\"nl-NL\"}]}<\/script>\n<!-- \/ Yoast SEO plugin. -->","yoast_head_json":{"title":"Acties - Marl\u00e8ne&#039;s Hair Style Centre","description":"Product van de maand. Profiteer elke maand van korting op \u00e9\u00e9n van onze topproducten voor je haar, kapsel of hoofdhuid.","robots":{"index":"index","follow":"follow","max-snippet":"max-snippet:-1","max-image-preview":"max-image-preview:large","max-video-preview":"max-video-preview:-1"},"canonical":"https:\/\/www.marleneshairstylecentre.nl\/index.php\/acties\/","og_locale":"nl_NL","og_type":"article","og_title":"Acties - Marl\u00e8ne&#039;s Hair Style Centre","og_description":"Product van de maand. Profiteer elke maand van korting op \u00e9\u00e9n van onze topproducten voor je haar, kapsel of hoofdhuid.","og_url":"https:\/\/www.marleneshairstylecentre.nl\/index.php\/acties\/","og_site_name":"Marl\u00e8ne&#039;s Hair Style Centre","article_modified_time":"2026-03-22T15:51:11+00:00","twitter_card":"summary_large_image","twitter_misc":{"Geschatte leestijd":"1 minuut"},"schema":{"@context":"https:\/\/schema.org","@graph":[{"@type":"WebPage","@id":"https:\/\/www.marleneshairstylecentre.nl\/index.php\/acties\/","url":"https:\/\/www.marleneshairstylecentre.nl\/index.php\/acties\/","name":"Acties - Marl\u00e8ne&#039;s Hair Style Centre","isPartOf":{"@id":"https:\/\/www.marleneshairstylecentre.nl\/#website"},"datePublished":"2023-06-01T13:21:22+00:00","dateModified":"2026-03-22T15:51:11+00:00","description":"Product van de maand. Profiteer elke maand van korting op \u00e9\u00e9n van onze topproducten voor je haar, kapsel of hoofdhuid.","breadcrumb":{"@id":"https:\/\/www.marleneshairstylecentre.nl\/index.php\/acties\/#breadcrumb"},"inLanguage":"nl-NL","potentialAction":[{"@type":"ReadAction","target":["https:\/\/www.marleneshairstylecentre.nl\/index.php\/acties\/"]}]},{"@type":"BreadcrumbList","@id":"https:\/\/www.marleneshairstylecentre.nl\/index.php\/acties\/#breadcrumb","itemListElement":[{"@type":"ListItem","position":1,"name":"Home","item":"https:\/\/www.marleneshairstylecentre.nl\/"},{"@type":"ListItem","position":2,"name":"Acties"}]},{"@type":"WebSite","@id":"https:\/\/www.marleneshairstylecentre.nl\/#website","url":"https:\/\/www.marleneshairstylecentre.nl\/","name":"Marl\u00e8ne&#039;s Hair Style Centre","description":"","potentialAction":[{"@type":"SearchAction","target":{"@type":"EntryPoint","urlTemplate":"https:\/\/www.marleneshairstylecentre.nl\/?s={search_term_string}"},"query-input":{"@type":"PropertyValueSpecification","valueRequired":true,"valueName":"search_term_string"}}],"inLanguage":"nl-NL"}]}},"jetpack-related-posts":[],"jetpack_sharing_enabled":true,"jetpack_likes_enabled":false,"_links":{"self":[{"href":"https:\/\/www.marleneshairstylecentre.nl\/index.php\/wp-json\/wp\/v2\/pages\/6738","targetHints":{"allow":["GET"]}}],"collection":[{"href":"https:\/\/www.marleneshairstylecentre.nl\/index.php\/wp-json\/wp\/v2\/pages"}],"about":[{"href":"https:\/\/www.marleneshairstylecentre.nl\/index.php\/wp-json\/wp\/v2\/types\/page"}],"author":[{"embeddable":true,"href":"https:\/\/www.marleneshairstylecentre.nl\/index.php\/wp-json\/wp\/v2\/users\/1"}],"replies":[{"embeddable":true,"href":"https:\/\/www.marleneshairstylecentre.nl\/index.php\/wp-json\/wp\/v2\/comments?post=6738"}],"version-history":[{"count":44,"href":"https:\/\/www.marleneshairstylecentre.nl\/index.php\/wp-json\/wp\/v2\/pages\/6738\/revisions"}],"predecessor-version":[{"id":7260,"href":"https:\/\/www.marleneshairstylecentre.nl\/index.php\/wp-json\/wp\/v2\/pages\/6738\/revisions\/7260"}],"wp:attachment":[{"href":"https:\/\/www.marleneshairstylecentre.nl\/index.php\/wp-json\/wp\/v2\/media?parent=6738"}],"curies":[{"name":"wp","href":"https:\/\/api.w.org\/{rel}","templated":true}]}}