{"id":46,"date":"2023-02-16T12:48:32","date_gmt":"2023-02-16T12:48:32","guid":{"rendered":"https:\/\/staging.marleneshairstylecentre.nl\/?page_id=46"},"modified":"2025-01-29T15:58:21","modified_gmt":"2025-01-29T15:58:21","slug":"voor-haar-en-hoofdhuid","status":"publish","type":"page","link":"https:\/\/www.marleneshairstylecentre.nl\/","title":{"rendered":"Home"},"content":{"rendered":"<p>[et_pb_section fb_built=&#8221;1&#8243; admin_label=&#8221;Header&#8221; _builder_version=&#8221;4.16&#8243; _module_preset=&#8221;default&#8221; background_enable_color=&#8221;off&#8221; background_image=&#8221;https:\/\/www.marleneshairstylecentre.nl\/wp-content\/uploads\/2023\/02\/event-space-46.jpg&#8221; parallax=&#8221;on&#8221; locked=&#8221;off&#8221; global_colors_info=&#8221;{}&#8221;][et_pb_row column_structure=&#8221;1_2,1_2&#8243; _builder_version=&#8221;4.16&#8243; _module_preset=&#8221;default&#8221; width_tablet=&#8221;&#8221; width_phone=&#8221;90%&#8221; width_last_edited=&#8221;on|phone&#8221; global_colors_info=&#8221;{}&#8221;][et_pb_column type=&#8221;1_2&#8243; _builder_version=&#8221;4.16&#8243; _module_preset=&#8221;default&#8221; z_index=&#8221;12&#8243; custom_padding=&#8221;10%||||false|false&#8221; global_colors_info=&#8221;{}&#8221;][et_pb_image src=&#8221;https:\/\/www.marleneshairstylecentre.nl\/wp-content\/uploads\/2023\/02\/haar1.jpg&#8221; title_text=&#8221;haar1&#8243; align=&#8221;center&#8221; disabled_on=&#8221;on|on|off&#8221; admin_label=&#8221;plaatje&#8221; _builder_version=&#8221;4.21.0&#8243; _module_preset=&#8221;default&#8221; z_index=&#8221;-9&#8243; custom_margin=&#8221;-8%|9.45%|40.2%|9.45%|false|true&#8221; animation_style=&#8221;fold&#8221; animation_duration=&#8221;850ms&#8221; animation_delay=&#8221;800ms&#8221; scroll_vertical_motion=&#8221;8|100|100|100|2|0|0&#8243; scroll_horizontal_motion=&#8221;0|41|41|100|4|0|-4&#8243; scroll_fade=&#8221;0|26|26|100|0|100|100&#8243; global_colors_info=&#8221;{}&#8221;][\/et_pb_image][et_pb_image src=&#8221;https:\/\/www.marleneshairstylecentre.nl\/wp-content\/uploads\/2023\/02\/event-space-47.png&#8221; title_text=&#8221;event-space-47&#8243; disabled_on=&#8221;on|on|off&#8221; admin_label=&#8221;hoge swirl&#8221; _builder_version=&#8221;4.20.1&#8243; _module_preset=&#8221;default&#8221; positioning=&#8221;absolute&#8221; position_origin_a=&#8221;top_center&#8221; width=&#8221;100%&#8221; custom_margin=&#8221;-1%||0px||false|false&#8221; global_colors_info=&#8221;{}&#8221;][\/et_pb_image][et_pb_image src=&#8221;https:\/\/www.marleneshairstylecentre.nl\/wp-content\/uploads\/2023\/02\/event-space-50.png&#8221; title_text=&#8221;event-space-50&#8243; disabled_on=&#8221;on|on|off&#8221; admin_label=&#8221;midden swirl&#8221; _builder_version=&#8221;4.20.1&#8243; _module_preset=&#8221;default&#8221; positioning=&#8221;absolute&#8221; position_origin_a=&#8221;bottom_center&#8221; vertical_offset=&#8221;35%&#8221; width=&#8221;100%&#8221; custom_margin=&#8221;||0px||false|false&#8221; global_colors_info=&#8221;{}&#8221;][\/et_pb_image][et_pb_image src=&#8221;https:\/\/www.marleneshairstylecentre.nl\/wp-content\/uploads\/2023\/02\/event-space-49.png&#8221; title_text=&#8221;event-space-49&#8243; disabled_on=&#8221;on|on|off&#8221; admin_label=&#8221;lage swirl&#8221; _builder_version=&#8221;4.21.0&#8243; _module_preset=&#8221;default&#8221; positioning=&#8221;absolute&#8221; position_origin_a=&#8221;bottom_center&#8221; vertical_offset=&#8221;-30px&#8221; z_index=&#8221;-1&#8243; width=&#8221;100%&#8221; global_colors_info=&#8221;{}&#8221;][\/et_pb_image][\/et_pb_column][et_pb_column type=&#8221;1_2&#8243; _builder_version=&#8221;4.16&#8243; _module_preset=&#8221;default&#8221; custom_padding=&#8221;|||10%|false|false&#8221; custom_padding_tablet=&#8221;|||0%|false|false&#8221; custom_padding_phone=&#8221;&#8221; custom_padding_last_edited=&#8221;on|tablet&#8221; global_colors_info=&#8221;{}&#8221;][et_pb_text disabled_on=&#8221;on|off|off&#8221; _builder_version=&#8221;4.21.0&#8243; _module_preset=&#8221;b3e3ff14-5f5c-4608-8ecf-1885ce3da7aa&#8221; header_font=&#8221;Prata||||||||&#8221; header_font_size=&#8221;84px&#8221; header_line_height=&#8221;1.1em&#8221; positioning=&#8221;absolute&#8221; position_origin_a=&#8221;top_right&#8221; vertical_offset=&#8221;-22px&#8221; horizontal_offset=&#8221;12%&#8221; z_index=&#8221;2&#8243; horizontal_offset_tablet=&#8221;0px&#8221; horizontal_offset_phone=&#8221;&#8221; horizontal_offset_last_edited=&#8221;on|desktop&#8221; position_origin_a_tablet=&#8221;top_left&#8221; position_origin_a_phone=&#8221;&#8221; position_origin_a_last_edited=&#8221;on|tablet&#8221; position_origin_f_tablet=&#8221;&#8221; position_origin_f_phone=&#8221;&#8221; position_origin_f_last_edited=&#8221;on|tablet&#8221; position_origin_r_tablet=&#8221;&#8221; position_origin_r_phone=&#8221;&#8221; position_origin_r_last_edited=&#8221;on|tablet&#8221; background_layout=&#8221;dark&#8221; width=&#8221;100%&#8221; width_tablet=&#8221;70%&#8221; width_last_edited=&#8221;off|tablet&#8221; custom_margin=&#8221;48.4%|24px|48.4%|24px|true|true&#8221; animation_style=&#8221;zoom&#8221; animation_duration=&#8221;1500ms&#8221; scroll_vertical_motion=&#8221;0|50|50|100|0.5|0|-0.5&#8243; header_text_align_tablet=&#8221;center&#8221; header_text_align_phone=&#8221;&#8221; header_text_align_last_edited=&#8221;on|tablet&#8221; header_font_size_tablet=&#8221;12vw&#8221; header_font_size_phone=&#8221;&#8221; header_font_size_last_edited=&#8221;on|phone&#8221; header_line_height_tablet=&#8221;1.2em&#8221; header_line_height_phone=&#8221;1.3em&#8221; header_line_height_last_edited=&#8221;on|desktop&#8221; positioning_tablet=&#8221;&#8221; positioning_phone=&#8221;&#8221; positioning_last_edited=&#8221;on|desktop&#8221; locked=&#8221;off&#8221; global_colors_info=&#8221;{}&#8221;]<\/p>\n<h1 style=\"text-align: left;\">Marl\u00e8ne&#8217;s<\/h1>\n<h1 style=\"text-align: left;\">Hair Style<\/h1>\n<h1 style=\"text-align: left;\">Centre<\/h1>\n<p>[\/et_pb_text][et_pb_text disabled_on=&#8221;off|on|on&#8221; admin_label=&#8221;tekst mobiel&#8221; _builder_version=&#8221;4.21.0&#8243; _module_preset=&#8221;b3e3ff14-5f5c-4608-8ecf-1885ce3da7aa&#8221; header_font=&#8221;Prata||||||||&#8221; header_font_size=&#8221;84px&#8221; header_line_height=&#8221;1.1em&#8221; header_3_font=&#8221;Prata|700|||||||&#8221; header_3_text_align=&#8221;left&#8221; header_3_font_size=&#8221;45px&#8221; positioning=&#8221;absolute&#8221; position_origin_a=&#8221;top_right&#8221; vertical_offset=&#8221;-22px&#8221; horizontal_offset=&#8221;12%&#8221; z_index=&#8221;2&#8243; horizontal_offset_tablet=&#8221;0px&#8221; horizontal_offset_phone=&#8221;&#8221; horizontal_offset_last_edited=&#8221;on|desktop&#8221; position_origin_a_tablet=&#8221;top_left&#8221; position_origin_a_phone=&#8221;&#8221; position_origin_a_last_edited=&#8221;on|tablet&#8221; position_origin_f_tablet=&#8221;&#8221; position_origin_f_phone=&#8221;&#8221; position_origin_f_last_edited=&#8221;on|tablet&#8221; position_origin_r_tablet=&#8221;&#8221; position_origin_r_phone=&#8221;&#8221; position_origin_r_last_edited=&#8221;on|tablet&#8221; background_layout=&#8221;dark&#8221; width=&#8221;100%&#8221; width_tablet=&#8221;70%&#8221; width_last_edited=&#8221;off|tablet&#8221; custom_margin=&#8221;-24.3%|24px|-24.3%|24px|true|true&#8221; animation_style=&#8221;zoom&#8221; animation_duration=&#8221;1500ms&#8221; scroll_vertical_motion=&#8221;0|50|50|100|0.5|0|-0.5&#8243; header_text_align_tablet=&#8221;center&#8221; header_text_align_phone=&#8221;&#8221; header_text_align_last_edited=&#8221;on|tablet&#8221; header_font_size_tablet=&#8221;12vw&#8221; header_font_size_phone=&#8221;&#8221; header_font_size_last_edited=&#8221;on|phone&#8221; header_line_height_tablet=&#8221;1.2em&#8221; header_line_height_phone=&#8221;1.3em&#8221; header_line_height_last_edited=&#8221;on|desktop&#8221; positioning_tablet=&#8221;&#8221; positioning_phone=&#8221;&#8221; positioning_last_edited=&#8221;on|desktop&#8221; locked=&#8221;off&#8221; global_colors_info=&#8221;{}&#8221;]<\/p>\n<h3 style=\"text-align: left;\">Marl\u00e8ne&#8217;s<\/h3>\n<h3 style=\"text-align: left;\">Hair Style<\/h3>\n<h3 style=\"text-align: left;\">Centre<\/h3>\n<p>[\/et_pb_text][et_pb_text _builder_version=&#8221;4.27.4&#8243; _module_preset=&#8221;default&#8221; text_font=&#8221;Lato|700|||||||&#8221; text_font_size=&#8221;19px&#8221; text_letter_spacing=&#8221;2px&#8221; text_line_height=&#8221;1.8em&#8221; header_font=&#8221;|800|||||||&#8221; background_color=&#8221;#E02B20&#8243; text_orientation=&#8221;center&#8221; background_layout=&#8221;dark&#8221; width=&#8221;160px&#8221; module_alignment=&#8221;center&#8221; height=&#8221;160px&#8221; custom_margin=&#8221;52px||||false|false&#8221; custom_margin_tablet=&#8221;0px||||false|false&#8221; custom_margin_phone=&#8221;&#8221; custom_margin_last_edited=&#8221;on|tablet&#8221; custom_padding=&#8221;25px|10px||10px|false|true&#8221; link_option_url=&#8221;https:\/\/online-marleneshairstylecentre.flexxis.nl&#8221; hover_enabled=&#8221;0&#8243; border_radii=&#8221;on|100px|100px|100px|100px&#8221; global_module=&#8221;465&#8243; saved_tabs=&#8221;all&#8221; global_colors_info=&#8221;{%22gcid-9452e02f-d11f-42fc-a9f8-16803f93b5d0%22:%91%93,%22gcid-abdd1dfe-115d-40b5-9c1d-c1c9635de504%22:%91%93,%22gcid-3f47e762-ddb9-4bcc-9a88-eb1cda6175db%22:%91%93}&#8221; sticky_enabled=&#8221;0&#8243;]<\/p>\n<h3 style=\"text-align: center;\"><strong>MAAK <\/strong><\/h3>\n<h3 style=\"text-align: center;\"><strong>EEN <\/strong><\/h3>\n<h3 style=\"text-align: center;\"><strong>AFSPRAAK<\/strong><\/h3>\n<p>[\/et_pb_text][\/et_pb_column][\/et_pb_row][\/et_pb_section][et_pb_section fb_built=&#8221;1&#8243; admin_label=&#8221;About&#8221; _builder_version=&#8221;4.20.0&#8243; _module_preset=&#8221;default&#8221; background_color=&#8221;#fff4ef&#8221; background_image=&#8221;https:\/\/www.marleneshairstylecentre.nl\/wp-content\/uploads\/2023\/02\/event-space-13.png&#8221; parallax=&#8221;on&#8221; global_colors_info=&#8221;{%22gcid-662be9b1-5a80-4bc7-adc2-f498d06fbe85%22:%91%93,%22gcid-abdd1dfe-115d-40b5-9c1d-c1c9635de504%22:%91%93,%22gcid-9452e02f-d11f-42fc-a9f8-16803f93b5d0%22:%91%93,%22gcid-3f47e762-ddb9-4bcc-9a88-eb1cda6175db%22:%91%93}&#8221;][et_pb_row _builder_version=&#8221;4.16&#8243; _module_preset=&#8221;default&#8221; global_colors_info=&#8221;{}&#8221;][et_pb_column type=&#8221;4_4&#8243; _builder_version=&#8221;4.16&#8243; _module_preset=&#8221;default&#8221; global_colors_info=&#8221;{}&#8221;][et_pb_text _builder_version=&#8221;4.21.0&#8243; _module_preset=&#8221;90865f4d-2cce-42a7-b40e-d3fbad25605a&#8221; header_2_font=&#8221;Prata||||||||&#8221; header_2_text_color=&#8221;gcid-3f47e762-ddb9-4bcc-9a88-eb1cda6175db&#8221; header_2_font_size=&#8221;60px&#8221; header_2_line_height=&#8221;1.2em&#8221; text_orientation=&#8221;center&#8221; max_width=&#8221;700px&#8221; module_alignment=&#8221;center&#8221; custom_margin=&#8221;||0px||false|false&#8221; header_2_font_size_tablet=&#8221;32px&#8221; header_2_font_size_phone=&#8221;20px&#8221; header_2_font_size_last_edited=&#8221;on|tablet&#8221; header_2_line_height_tablet=&#8221;1.3em&#8221; header_2_line_height_phone=&#8221;1.4em&#8221; header_2_line_height_last_edited=&#8221;on|phone&#8221; saved_tabs=&#8221;all&#8221; global_colors_info=&#8221;{%22gcid-3f47e762-ddb9-4bcc-9a88-eb1cda6175db%22:%91%93}&#8221;]<\/p>\n<h2>Marl\u00e8ne&#8217;s Hair Style Centre is geknipt voor jou!<\/h2>\n<p>[\/et_pb_text][et_pb_text _builder_version=&#8221;4.21.0&#8243; _module_preset=&#8221;default&#8221; header_2_font=&#8221;Lato||||||||&#8221; header_2_text_align=&#8221;center&#8221; header_2_font_size=&#8221;31px&#8221; global_colors_info=&#8221;{}&#8221;]<\/p>\n<h2>Marl\u00e8ne&#8217;s zekerheden voor huid en haar<\/h2>\n<p>[\/et_pb_text][\/et_pb_column][\/et_pb_row][et_pb_row column_structure=&#8221;1_2,1_2&#8243; _builder_version=&#8221;4.21.0&#8243; _module_preset=&#8221;default&#8221; max_width=&#8221;900px&#8221; min_height=&#8221;349.2px&#8221; custom_margin=&#8221;-19px|auto||auto||&#8221; global_colors_info=&#8221;{}&#8221;][et_pb_column type=&#8221;1_2&#8243; _builder_version=&#8221;4.16&#8243; _module_preset=&#8221;default&#8221; global_colors_info=&#8221;{}&#8221;][et_pb_text _builder_version=&#8221;4.21.0&#8243; _module_preset=&#8221;da86b6f0-f83c-4c7c-bdd8-3019777ddffe&#8221; text_font=&#8221;Lato||||||||&#8221; text_text_color=&#8221;gcid-3f47e762-ddb9-4bcc-9a88-eb1cda6175db&#8221; text_font_size=&#8221;16px&#8221; text_line_height=&#8221;1.8em&#8221; custom_padding=&#8221;0px|||||&#8221; text_font_size_tablet=&#8221;15px&#8221; text_font_size_phone=&#8221;14px&#8221; text_font_size_last_edited=&#8221;on|desktop&#8221; global_colors_info=&#8221;{%22gcid-3f47e762-ddb9-4bcc-9a88-eb1cda6175db%22:%91%93,%22gcid-9452e02f-d11f-42fc-a9f8-16803f93b5d0%22:%91%93,%22gcid-abdd1dfe-115d-40b5-9c1d-c1c9635de504%22:%91%93}&#8221;]<\/p>\n<blockquote>\n<p>Marl\u00e8ne&#8217;s team van haar- en hoofdhuidspecialisten kijkt verder dan alleen het kapsel. Want op slechte bodem, kunnen planten niet goed groeien. Dat geldt ook voor de haren op je hoofd. Of je nu krullen hebt, stijl haar of iets er tussenin, wilt kleuren of de charme van grijs omarmt, jong bent of ouder. Gun jezelf de zekerheden van Marl\u00e8ne en zorg goed voor haar \u00e9n huid. Ook bij problemen met de hoofdhuid en haaruitval.<\/p>\n<\/blockquote>\n<p><span style=\"font-size: 16px;\">\u00a0<\/span><\/p>\n<p>[\/et_pb_text][\/et_pb_column][et_pb_column type=&#8221;1_2&#8243; _builder_version=&#8221;4.16&#8243; _module_preset=&#8221;default&#8221; global_colors_info=&#8221;{}&#8221;][et_pb_text _builder_version=&#8221;4.21.0&#8243; _module_preset=&#8221;da86b6f0-f83c-4c7c-bdd8-3019777ddffe&#8221; text_font=&#8221;Lato||||||||&#8221; text_text_color=&#8221;gcid-3f47e762-ddb9-4bcc-9a88-eb1cda6175db&#8221; text_font_size=&#8221;16px&#8221; text_line_height=&#8221;1.8em&#8221; custom_padding=&#8221;10px|||||&#8221; text_font_size_tablet=&#8221;15px&#8221; text_font_size_phone=&#8221;14px&#8221; text_font_size_last_edited=&#8221;on|desktop&#8221; locked=&#8221;off&#8221; global_colors_info=&#8221;{%22gcid-3f47e762-ddb9-4bcc-9a88-eb1cda6175db%22:%91%93,%22gcid-9452e02f-d11f-42fc-a9f8-16803f93b5d0%22:%91%93,%22gcid-abdd1dfe-115d-40b5-9c1d-c1c9635de504%22:%91%93}&#8221;]<\/p>\n<h4><\/h4>\n<ul>\n<li>Advies voor haar \u00e9n huid<\/li>\n<li>Altijd een hoofdmassage<\/li>\n<li>Online afspraak maken<\/li>\n<li>Tips voor haarstyling thuis<\/li>\n<li>Ook bij specifieke hoofdhuid problemen<\/li>\n<li>Kennis van de laatste trends en oplossingen<\/li>\n<li>Steeds meer duurzame producten en werkwijze<\/li>\n<li>Garantie op eindresultaat<\/li>\n<\/ul>\n<p>[\/et_pb_text][\/et_pb_column][\/et_pb_row][\/et_pb_section][et_pb_section fb_built=&#8221;1&#8243; _builder_version=&#8221;4.21.0&#8243; _module_preset=&#8221;default&#8221; global_colors_info=&#8221;{}&#8221;][et_pb_row _builder_version=&#8221;4.21.0&#8243; _module_preset=&#8221;default&#8221; global_colors_info=&#8221;{}&#8221;][et_pb_column type=&#8221;4_4&#8243; _builder_version=&#8221;4.21.0&#8243; _module_preset=&#8221;default&#8221; global_colors_info=&#8221;{}&#8221;][et_pb_social_media_follow _builder_version=&#8221;4.21.0&#8243; _module_preset=&#8221;default&#8221; text_orientation=&#8221;center&#8221; global_module=&#8221;6699&#8243; saved_tabs=&#8221;all&#8221; global_colors_info=&#8221;{}&#8221;][et_pb_social_media_follow_network social_network=&#8221;facebook&#8221; url=&#8221;https:\/\/www.facebook.com\/marleneshairstylecentre&#8221; _builder_version=&#8221;4.21.0&#8243; _module_preset=&#8221;default&#8221; background_color=&#8221;#3b5998&#8243; global_colors_info=&#8221;{}&#8221; follow_button=&#8221;off&#8221; url_new_window=&#8221;on&#8221;]facebook[\/et_pb_social_media_follow_network][et_pb_social_media_follow_network social_network=&#8221;instagram&#8221; url=&#8221;https:\/\/www.instagram.com\/marleneshairstylecentre\/&#8221; _builder_version=&#8221;4.21.0&#8243; _module_preset=&#8221;default&#8221; background_color=&#8221;#ea2c59&#8243; global_colors_info=&#8221;{}&#8221; follow_button=&#8221;off&#8221; url_new_window=&#8221;on&#8221;]instagram[\/et_pb_social_media_follow_network][\/et_pb_social_media_follow][\/et_pb_column][\/et_pb_row][\/et_pb_section][et_pb_section fb_built=&#8221;1&#8243; fullwidth=&#8221;on&#8221; _builder_version=&#8221;4.19.5&#8243; _module_preset=&#8221;default&#8221; global_colors_info=&#8221;{}&#8221;][et_pb_fullwidth_slider _builder_version=&#8221;4.19.5&#8243; _module_preset=&#8221;default&#8221; animation_style=&#8221;fade&#8221; animation_duration=&#8221;600ms&#8221; animation_delay=&#8221;1350ms&#8221; animation_starting_opacity=&#8221;65%&#8221; auto=&#8221;on&#8221; global_colors_info=&#8221;{}&#8221;][et_pb_slide _builder_version=&#8221;4.19.5&#8243; _module_preset=&#8221;default&#8221; background_enable_color=&#8221;off&#8221; background_image=&#8221;https:\/\/www.marleneshairstylecentre.nl\/wp-content\/uploads\/2023\/02\/MDF-03-s.jpg&#8221; background_enable_image=&#8221;on&#8221; global_colors_info=&#8221;{}&#8221; sticky_transition=&#8221;on&#8221;][\/et_pb_slide][et_pb_slide _builder_version=&#8221;4.19.5&#8243; _module_preset=&#8221;default&#8221; background_enable_color=&#8221;off&#8221; background_image=&#8221;https:\/\/www.marleneshairstylecentre.nl\/wp-content\/uploads\/2023\/02\/MDF-02-s.jpg&#8221; background_enable_image=&#8221;on&#8221; global_colors_info=&#8221;{}&#8221; sticky_transition=&#8221;on&#8221;][\/et_pb_slide][\/et_pb_fullwidth_slider][\/et_pb_section]<\/p>\n","protected":false},"excerpt":{"rendered":"<p>Marl\u00e8ne&#8217;s Hair Style CentreMarl\u00e8ne&#8217;s Hair Style CentreMAAK EEN AFSPRAAKMarl\u00e8ne&#8217;s Hair Style Centre is geknipt voor jou!Marl\u00e8ne&#8217;s zekerheden voor huid en haar Marl\u00e8ne&#8217;s team van haar- en hoofdhuidspecialisten kijkt verder dan alleen het kapsel. Want op slechte bodem, kunnen planten niet goed groeien. Dat geldt ook voor de haren op je hoofd. Of je nu krullen [&hellip;]<\/p>\n","protected":false},"author":1,"featured_media":0,"parent":0,"menu_order":0,"comment_status":"closed","ping_status":"closed","template":"","meta":{"_et_pb_use_builder":"on","_et_pb_old_content":"","_et_gb_content_width":"","om_disable_all_campaigns":false,"_monsterinsights_skip_tracking":false,"_monsterinsights_sitenote_active":false,"_monsterinsights_sitenote_note":"","_monsterinsights_sitenote_category":0,"footnotes":""},"class_list":["post-46","page","type-page","status-publish","hentry"],"yoast_head":"<!-- This site is optimized with the Yoast SEO plugin v27.3 - https:\/\/yoast.com\/product\/yoast-seo-wordpress\/ -->\n<title>Home - Marl\u00e8ne&#039;s Hair Style Centre<\/title>\n<meta name=\"description\" content=\"Marl\u00e8nes team van haar- en hoofdhuidspecialisten kijkt verder dan alleen het kapsel. Want op slechte bodem, kunnen planten niet goed groeien.\" \/>\n<meta name=\"robots\" content=\"index, follow, max-snippet:-1, max-image-preview:large, max-video-preview:-1\" \/>\n<link rel=\"canonical\" href=\"https:\/\/www.marleneshairstylecentre.nl\/\" \/>\n<meta property=\"og:locale\" content=\"nl_NL\" \/>\n<meta property=\"og:type\" content=\"article\" \/>\n<meta property=\"og:title\" content=\"Home - Marl\u00e8ne&#039;s Hair Style Centre\" \/>\n<meta property=\"og:description\" content=\"Marl\u00e8nes team van haar- en hoofdhuidspecialisten kijkt verder dan alleen het kapsel. Want op slechte bodem, kunnen planten niet goed groeien.\" \/>\n<meta property=\"og:url\" content=\"https:\/\/www.marleneshairstylecentre.nl\/\" \/>\n<meta property=\"og:site_name\" content=\"Marl\u00e8ne&#039;s Hair Style Centre\" \/>\n<meta property=\"article:modified_time\" content=\"2025-01-29T15:58:21+00:00\" \/>\n<meta name=\"twitter:card\" content=\"summary_large_image\" \/>\n<meta name=\"twitter:label1\" content=\"Geschatte leestijd\" \/>\n\t<meta name=\"twitter:data1\" content=\"3 minuten\" \/>\n<script type=\"application\/ld+json\" class=\"yoast-schema-graph\">{\"@context\":\"https:\\\/\\\/schema.org\",\"@graph\":[{\"@type\":\"WebPage\",\"@id\":\"https:\\\/\\\/www.marleneshairstylecentre.nl\\\/\",\"url\":\"https:\\\/\\\/www.marleneshairstylecentre.nl\\\/\",\"name\":\"Home - Marl\u00e8ne&#039;s Hair Style Centre\",\"isPartOf\":{\"@id\":\"https:\\\/\\\/www.marleneshairstylecentre.nl\\\/#website\"},\"datePublished\":\"2023-02-16T12:48:32+00:00\",\"dateModified\":\"2025-01-29T15:58:21+00:00\",\"description\":\"Marl\u00e8nes team van haar- en hoofdhuidspecialisten kijkt verder dan alleen het kapsel. Want op slechte bodem, kunnen planten niet goed groeien.\",\"breadcrumb\":{\"@id\":\"https:\\\/\\\/www.marleneshairstylecentre.nl\\\/#breadcrumb\"},\"inLanguage\":\"nl-NL\",\"potentialAction\":[{\"@type\":\"ReadAction\",\"target\":[\"https:\\\/\\\/www.marleneshairstylecentre.nl\\\/\"]}]},{\"@type\":\"BreadcrumbList\",\"@id\":\"https:\\\/\\\/www.marleneshairstylecentre.nl\\\/#breadcrumb\",\"itemListElement\":[{\"@type\":\"ListItem\",\"position\":1,\"name\":\"Home\",\"item\":\"https:\\\/\\\/www.marleneshairstylecentre.nl\\\/\"},{\"@type\":\"ListItem\",\"position\":2,\"name\":\"Home\"}]},{\"@type\":\"WebSite\",\"@id\":\"https:\\\/\\\/www.marleneshairstylecentre.nl\\\/#website\",\"url\":\"https:\\\/\\\/www.marleneshairstylecentre.nl\\\/\",\"name\":\"Marl\u00e8ne&#039;s Hair Style Centre\",\"description\":\"\",\"potentialAction\":[{\"@type\":\"SearchAction\",\"target\":{\"@type\":\"EntryPoint\",\"urlTemplate\":\"https:\\\/\\\/www.marleneshairstylecentre.nl\\\/?s={search_term_string}\"},\"query-input\":{\"@type\":\"PropertyValueSpecification\",\"valueRequired\":true,\"valueName\":\"search_term_string\"}}],\"inLanguage\":\"nl-NL\"}]}<\/script>\n<!-- \/ Yoast SEO plugin. -->","yoast_head_json":{"title":"Home - Marl\u00e8ne&#039;s Hair Style Centre","description":"Marl\u00e8nes team van haar- en hoofdhuidspecialisten kijkt verder dan alleen het kapsel. Want op slechte bodem, kunnen planten niet goed groeien.","robots":{"index":"index","follow":"follow","max-snippet":"max-snippet:-1","max-image-preview":"max-image-preview:large","max-video-preview":"max-video-preview:-1"},"canonical":"https:\/\/www.marleneshairstylecentre.nl\/","og_locale":"nl_NL","og_type":"article","og_title":"Home - Marl\u00e8ne&#039;s Hair Style Centre","og_description":"Marl\u00e8nes team van haar- en hoofdhuidspecialisten kijkt verder dan alleen het kapsel. Want op slechte bodem, kunnen planten niet goed groeien.","og_url":"https:\/\/www.marleneshairstylecentre.nl\/","og_site_name":"Marl\u00e8ne&#039;s Hair Style Centre","article_modified_time":"2025-01-29T15:58:21+00:00","twitter_card":"summary_large_image","twitter_misc":{"Geschatte leestijd":"3 minuten"},"schema":{"@context":"https:\/\/schema.org","@graph":[{"@type":"WebPage","@id":"https:\/\/www.marleneshairstylecentre.nl\/","url":"https:\/\/www.marleneshairstylecentre.nl\/","name":"Home - Marl\u00e8ne&#039;s Hair Style Centre","isPartOf":{"@id":"https:\/\/www.marleneshairstylecentre.nl\/#website"},"datePublished":"2023-02-16T12:48:32+00:00","dateModified":"2025-01-29T15:58:21+00:00","description":"Marl\u00e8nes team van haar- en hoofdhuidspecialisten kijkt verder dan alleen het kapsel. Want op slechte bodem, kunnen planten niet goed groeien.","breadcrumb":{"@id":"https:\/\/www.marleneshairstylecentre.nl\/#breadcrumb"},"inLanguage":"nl-NL","potentialAction":[{"@type":"ReadAction","target":["https:\/\/www.marleneshairstylecentre.nl\/"]}]},{"@type":"BreadcrumbList","@id":"https:\/\/www.marleneshairstylecentre.nl\/#breadcrumb","itemListElement":[{"@type":"ListItem","position":1,"name":"Home","item":"https:\/\/www.marleneshairstylecentre.nl\/"},{"@type":"ListItem","position":2,"name":"Home"}]},{"@type":"WebSite","@id":"https:\/\/www.marleneshairstylecentre.nl\/#website","url":"https:\/\/www.marleneshairstylecentre.nl\/","name":"Marl\u00e8ne&#039;s Hair Style Centre","description":"","potentialAction":[{"@type":"SearchAction","target":{"@type":"EntryPoint","urlTemplate":"https:\/\/www.marleneshairstylecentre.nl\/?s={search_term_string}"},"query-input":{"@type":"PropertyValueSpecification","valueRequired":true,"valueName":"search_term_string"}}],"inLanguage":"nl-NL"}]}},"jetpack-related-posts":[],"jetpack_sharing_enabled":true,"jetpack_likes_enabled":false,"_links":{"self":[{"href":"https:\/\/www.marleneshairstylecentre.nl\/index.php\/wp-json\/wp\/v2\/pages\/46","targetHints":{"allow":["GET"]}}],"collection":[{"href":"https:\/\/www.marleneshairstylecentre.nl\/index.php\/wp-json\/wp\/v2\/pages"}],"about":[{"href":"https:\/\/www.marleneshairstylecentre.nl\/index.php\/wp-json\/wp\/v2\/types\/page"}],"author":[{"embeddable":true,"href":"https:\/\/www.marleneshairstylecentre.nl\/index.php\/wp-json\/wp\/v2\/users\/1"}],"replies":[{"embeddable":true,"href":"https:\/\/www.marleneshairstylecentre.nl\/index.php\/wp-json\/wp\/v2\/comments?post=46"}],"version-history":[{"count":86,"href":"https:\/\/www.marleneshairstylecentre.nl\/index.php\/wp-json\/wp\/v2\/pages\/46\/revisions"}],"predecessor-version":[{"id":7176,"href":"https:\/\/www.marleneshairstylecentre.nl\/index.php\/wp-json\/wp\/v2\/pages\/46\/revisions\/7176"}],"wp:attachment":[{"href":"https:\/\/www.marleneshairstylecentre.nl\/index.php\/wp-json\/wp\/v2\/media?parent=46"}],"curies":[{"name":"wp","href":"https:\/\/api.w.org\/{rel}","templated":true}]}}